{"id":2687,"date":"2025-05-27T19:54:18","date_gmt":"2025-05-27T17:54:18","guid":{"rendered":"https:\/\/horizonaventures.net\/?page_id=2687"},"modified":"2025-05-27T19:54:18","modified_gmt":"2025-05-27T17:54:18","slug":"carnets-de-voyage","status":"publish","type":"page","link":"https:\/\/horizonaventures.net\/index.php\/carnets-de-voyage\/","title":{"rendered":"Carnets de voyage"},"content":{"rendered":"\n<h2 class=\"wp-block-heading\">Carnets de voyage<\/h2>\n\n\n\n<p>\u00c0 travers ces carnets de voyage, je vous propose de partir \u00e0 la d\u00e9couverte d\u2019aventures et d\u2019exp\u00e9riences \u00e0 travers le monde, soigneusement class\u00e9es par destination. Que vous soyez en qu\u00eate d\u2019inspiration pour votre prochain voyage ou simplement curieux de d\u00e9couvrir de nouveaux horizons, vous trouverez ici des exemples d\u2019explorations, de rencontres et de moments inoubliables.<\/p>\n\n\n\n<p>Chaque carnet de voyage est organis\u00e9 par pays, territoire, r\u00e9gion ou ville, afin de faciliter votre recherche et de vous permettre de plonger directement dans la destination qui vous int\u00e9resse. Des plages ensoleill\u00e9es aux montagnes majestueuses, en passant par des villes historiques et des villages pittoresques, ces carnets de voyage refl\u00e8tent des exp\u00e9riences authentiques et offrent des conseils pratiques pour vous aider \u00e0 planifier vos propres escapades.<\/p>\n\n\n\n<p>Chaque destination vous r\u00e9serve son lot de surprises et d\u2019\u00e9merveillements !<\/p>\n\n\n\n<div id=\"wp-block-themeisle-blocks-advanced-columns-b0438113\" class=\"wp-block-themeisle-blocks-advanced-columns has-4-columns has-desktop-equal-layout has-tablet-equal-layout has-mobile-collapsedRows-layout has-vertical-unset\"><div class=\"wp-block-themeisle-blocks-advanced-columns-overlay\"><\/div><div class=\"innerblocks-wrap\">\n<div id=\"wp-block-themeisle-blocks-advanced-column-f153a0e3\" class=\"wp-block-themeisle-blocks-advanced-column\">\n<figure class=\"wp-block-image size-full\"><img alt=\"\" loading=\"lazy\" decoding=\"async\" width=\"332\" height=\"480\" src=\"https:\/\/horizonaventures.net\/wp-content\/uploads\/2025\/02\/Arabie-Saoudite-Entre-Deserts-Majestueux-et-Oasis-Secretes.gif\" alt=\"\" class=\"wp-image-2349\" style=\"object-fit:cover\"\/><\/figure>\n\n\n\n<h3 class=\"wp-block-heading has-text-align-center\">Arabie saoudite<\/h3>\n<\/div>\n\n\n\n<div id=\"wp-block-themeisle-blocks-advanced-column-e7049f46\" class=\"wp-block-themeisle-blocks-advanced-column\">\n<figure class=\"wp-block-image size-full\"><img alt=\"\" loading=\"lazy\" decoding=\"async\" width=\"332\" height=\"480\" src=\"https:\/\/horizonaventures.net\/wp-content\/uploads\/2025\/03\/Voyage-en-Azerbaidjan.gif\" alt=\"\" class=\"wp-image-2457\"\/><\/figure>\n\n\n\n<h3 class=\"wp-block-heading has-text-align-center\">Azerba\u00efdjan<\/h3>\n<\/div>\n\n\n\n<div id=\"wp-block-themeisle-blocks-advanced-column-12e1bfef\" class=\"wp-block-themeisle-blocks-advanced-column\">\n<figure class=\"wp-block-image size-full\"><img alt=\"\" loading=\"lazy\" decoding=\"async\" width=\"332\" height=\"480\" src=\"https:\/\/horizonaventures.net\/wp-content\/uploads\/2025\/04\/LEssence-de-lAfrique-Entre-Deserts-et-Delta.gif\" alt=\"\" class=\"wp-image-2569\"\/><\/figure>\n\n\n\n<h3 class=\"wp-block-heading has-text-align-center\">Botswana<\/h3>\n<\/div>\n\n\n\n<div id=\"wp-block-themeisle-blocks-advanced-column-dadee448\" class=\"wp-block-themeisle-blocks-advanced-column\">\n<figure class=\"wp-block-image size-full\"><img alt=\"\" loading=\"lazy\" decoding=\"async\" width=\"332\" height=\"480\" src=\"https:\/\/horizonaventures.net\/wp-content\/uploads\/2025\/03\/AventureBresilienne.gif\" alt=\"\" class=\"wp-image-2531\"\/><\/figure>\n\n\n\n<h3 class=\"wp-block-heading has-text-align-center\">Br\u00e9sil<\/h3>\n<\/div>\n<\/div><\/div>\n\n\n\n<div id=\"wp-block-themeisle-blocks-advanced-columns-6cd72bca\" class=\"wp-block-themeisle-blocks-advanced-columns has-4-columns has-desktop-equal-layout has-tablet-equal-layout has-mobile-collapsedRows-layout has-vertical-unset\"><div class=\"wp-block-themeisle-blocks-advanced-columns-overlay\"><\/div><div class=\"innerblocks-wrap\">\n<div id=\"wp-block-themeisle-blocks-advanced-column-7431bad0\" class=\"wp-block-themeisle-blocks-advanced-column\">\n<figure class=\"wp-block-image size-full\"><img alt=\"\" loading=\"lazy\" decoding=\"async\" width=\"332\" height=\"480\" src=\"https:\/\/horizonaventures.net\/wp-content\/uploads\/2024\/12\/Sejour-Transcontinental-au-Coeur-du-Canada.gif\" alt=\"\" class=\"wp-image-2059\"\/><\/figure>\n\n\n\n<h3 class=\"wp-block-heading has-text-align-center\">Canada<\/h3>\n<\/div>\n\n\n\n<div id=\"wp-block-themeisle-blocks-advanced-column-286e8b91\" class=\"wp-block-themeisle-blocks-advanced-column\">\n<figure class=\"wp-block-image size-large\"><img alt=\"\" loading=\"lazy\" decoding=\"async\" width=\"332\" height=\"480\" src=\"https:\/\/horizonaventures.net\/wp-content\/uploads\/2025\/02\/Chypre-Entre-Plages-Paradisiaques-et-Tresors-Culturels.gif\" alt=\"\" class=\"wp-image-2246\"\/><\/figure>\n\n\n\n<h3 class=\"wp-block-heading has-text-align-center\">Chypre<\/h3>\n<\/div>\n\n\n\n<div id=\"wp-block-themeisle-blocks-advanced-column-76e7bdc7\" class=\"wp-block-themeisle-blocks-advanced-column\">\n<figure class=\"wp-block-image size-full\"><img alt=\"\" loading=\"lazy\" decoding=\"async\" width=\"332\" height=\"480\" src=\"https:\/\/horizonaventures.net\/wp-content\/uploads\/2025\/03\/Immersion-au-coeur-de-la-Colombie-Authentique.gif\" alt=\"\" class=\"wp-image-2374\"\/><\/figure>\n\n\n\n<h3 class=\"wp-block-heading has-text-align-center\">Colombie<\/h3>\n<\/div>\n\n\n\n<div id=\"wp-block-themeisle-blocks-advanced-column-14ac7161\" class=\"wp-block-themeisle-blocks-advanced-column\">\n<figure class=\"wp-block-image size-full\"><img alt=\"\" loading=\"lazy\" decoding=\"async\" width=\"332\" height=\"480\" src=\"https:\/\/horizonaventures.net\/wp-content\/uploads\/2025\/02\/CoreeAventureTraditionFutur.gif\" alt=\"\" class=\"wp-image-2214\"\/><\/figure>\n\n\n\n<h3 class=\"wp-block-heading has-text-align-center\">Cor\u00e9e du sud<\/h3>\n<\/div>\n<\/div><\/div>\n\n\n\n<div id=\"wp-block-themeisle-blocks-advanced-columns-99f74164\" class=\"wp-block-themeisle-blocks-advanced-columns has-4-columns has-desktop-equal-layout has-tablet-equal-layout has-mobile-collapsedRows-layout has-vertical-unset\"><div class=\"wp-block-themeisle-blocks-advanced-columns-overlay\"><\/div><div class=\"innerblocks-wrap\">\n<div id=\"wp-block-themeisle-blocks-advanced-column-6620f5ee\" class=\"wp-block-themeisle-blocks-advanced-column\">\n<figure class=\"wp-block-image size-full\"><img alt=\"\" loading=\"lazy\" decoding=\"async\" width=\"332\" height=\"480\" src=\"https:\/\/horizonaventures.net\/wp-content\/uploads\/2025\/03\/Cuba-de-La-Havane-aux-Secrets-Caches.gif\" alt=\"\" class=\"wp-image-2503\"\/><\/figure>\n\n\n\n<h3 class=\"wp-block-heading has-text-align-center\">Cuba<\/h3>\n<\/div>\n\n\n\n<div id=\"wp-block-themeisle-blocks-advanced-column-55dde7eb\" class=\"wp-block-themeisle-blocks-advanced-column\">\n<figure class=\"wp-block-image size-full\"><img alt=\"\" loading=\"lazy\" decoding=\"async\" width=\"332\" height=\"480\" src=\"https:\/\/horizonaventures.net\/wp-content\/uploads\/2024\/12\/Egypte.gif\" alt=\"\" class=\"wp-image-2162\"\/><\/figure>\n\n\n\n<h3 class=\"wp-block-heading has-text-align-center\">\u00c9gypte<\/h3>\n<\/div>\n\n\n\n<div id=\"wp-block-themeisle-blocks-advanced-column-bfcfe182\" class=\"wp-block-themeisle-blocks-advanced-column\">\n<figure class=\"wp-block-image size-full\"><img alt=\"\" loading=\"lazy\" decoding=\"async\" width=\"332\" height=\"480\" src=\"https:\/\/horizonaventures.net\/wp-content\/uploads\/2025\/01\/Madrid-4-jour.gif\" alt=\"\" class=\"wp-image-2189\"\/><\/figure>\n\n\n\n<h3 class=\"wp-block-heading has-text-align-center\">Espagne<\/h3>\n<\/div>\n\n\n\n<div id=\"wp-block-themeisle-blocks-advanced-column-f9bed4bb\" class=\"wp-block-themeisle-blocks-advanced-column\">\n<figure class=\"wp-block-image size-full\"><img alt=\"\" loading=\"lazy\" decoding=\"async\" width=\"332\" height=\"480\" src=\"https:\/\/horizonaventures.net\/wp-content\/uploads\/2024\/11\/France14joursEst.gif\" alt=\"\" class=\"wp-image-2031\"\/><\/figure>\n\n\n\n<h3 class=\"wp-block-heading has-text-align-center\">France<\/h3>\n<\/div>\n<\/div><\/div>\n\n\n\n<div id=\"wp-block-themeisle-blocks-advanced-columns-88e62115\" class=\"wp-block-themeisle-blocks-advanced-columns has-4-columns has-desktop-equal-layout has-tablet-equal-layout has-mobile-collapsedRows-layout has-vertical-unset\"><div class=\"wp-block-themeisle-blocks-advanced-columns-overlay\"><\/div><div class=\"innerblocks-wrap\">\n<div id=\"wp-block-themeisle-blocks-advanced-column-1c055e0c\" class=\"wp-block-themeisle-blocks-advanced-column\">\n<figure class=\"wp-block-image size-full\"><img alt=\"\" loading=\"lazy\" decoding=\"async\" width=\"332\" height=\"480\" src=\"https:\/\/horizonaventures.net\/wp-content\/uploads\/2024\/11\/France14joursOuest.gif\" alt=\"\" class=\"wp-image-2007\"\/><\/figure>\n\n\n\n<h3 class=\"wp-block-heading has-text-align-center\">France<\/h3>\n<\/div>\n\n\n\n<div id=\"wp-block-themeisle-blocks-advanced-column-f604aea6\" class=\"wp-block-themeisle-blocks-advanced-column\">\n<figure class=\"wp-block-image size-full\"><img alt=\"\" loading=\"lazy\" decoding=\"async\" width=\"332\" height=\"480\" src=\"https:\/\/horizonaventures.net\/wp-content\/uploads\/2025\/02\/Aux-Confins-de-lHistoire-et-de-la-Nature-Aventure-Authentique-en-Gambie.gif\" alt=\"\" class=\"wp-image-2312\"\/><\/figure>\n\n\n\n<h3 class=\"wp-block-heading has-text-align-center\">Gambie<\/h3>\n<\/div>\n\n\n\n<div id=\"wp-block-themeisle-blocks-advanced-column-4ebf1d07\" class=\"wp-block-themeisle-blocks-advanced-column\">\n<figure class=\"wp-block-image size-full\"><img alt=\"\" loading=\"lazy\" decoding=\"async\" width=\"332\" height=\"480\" src=\"https:\/\/horizonaventures.net\/wp-content\/uploads\/2024\/05\/Epopee-Grecque-du-Mont-Olympes-au-Mont-Athos.gif\" alt=\"\" class=\"wp-image-798\"\/><\/figure>\n\n\n\n<h3 class=\"wp-block-heading has-text-align-center\">Gr\u00e8ce<\/h3>\n<\/div>\n\n\n\n<div id=\"wp-block-themeisle-blocks-advanced-column-b5d8732c\" class=\"wp-block-themeisle-blocks-advanced-column\">\n<figure class=\"wp-block-image size-full\"><img alt=\"\" loading=\"lazy\" decoding=\"async\" width=\"332\" height=\"480\" src=\"https:\/\/horizonaventures.net\/wp-content\/uploads\/2025\/02\/Evasion-Tropicale-Aventure-et-Luxe-aux-Maldives.gif\" alt=\"\" class=\"wp-image-2264\"\/><\/figure>\n\n\n\n<h3 class=\"wp-block-heading has-text-align-center\">Maldives<\/h3>\n<\/div>\n<\/div><\/div>\n\n\n\n<div id=\"wp-block-themeisle-blocks-advanced-columns-fea73da6\" class=\"wp-block-themeisle-blocks-advanced-columns has-4-columns has-desktop-equal-layout has-tablet-equal-layout has-mobile-collapsedRows-layout has-vertical-unset\"><div class=\"wp-block-themeisle-blocks-advanced-columns-overlay\"><\/div><div class=\"innerblocks-wrap\">\n<div id=\"wp-block-themeisle-blocks-advanced-column-99195778\" class=\"wp-block-themeisle-blocks-advanced-column\">\n<figure class=\"wp-block-image size-full\"><img alt=\"\" loading=\"lazy\" decoding=\"async\" width=\"332\" height=\"480\" src=\"https:\/\/horizonaventures.net\/wp-content\/uploads\/2024\/04\/Premier-impresion-du-maroc.gif\" alt=\"\" class=\"wp-image-572\"\/><\/figure>\n\n\n\n<h3 class=\"wp-block-heading has-text-align-center\">Maroc<\/h3>\n<\/div>\n\n\n\n<div id=\"wp-block-themeisle-blocks-advanced-column-fa7f2530\" class=\"wp-block-themeisle-blocks-advanced-column\">\n<figure class=\"wp-block-image size-full\"><img alt=\"\" loading=\"lazy\" decoding=\"async\" width=\"332\" height=\"480\" src=\"https:\/\/horizonaventures.net\/wp-content\/uploads\/2024\/10\/Maroc-ECO-Marrakech.gif\" alt=\"\" class=\"wp-image-1918\"\/><\/figure>\n\n\n\n<h3 class=\"wp-block-heading has-text-align-center\">Maroc<\/h3>\n<\/div>\n\n\n\n<div id=\"wp-block-themeisle-blocks-advanced-column-a237845a\" class=\"wp-block-themeisle-blocks-advanced-column\">\n<figure class=\"wp-block-image size-full\"><img alt=\"\" loading=\"lazy\" decoding=\"async\" width=\"332\" height=\"480\" src=\"https:\/\/horizonaventures.net\/wp-content\/uploads\/2025\/03\/Sur-les-Traces-des-Caravaniers.gif\" alt=\"\" class=\"wp-image-2438\"\/><\/figure>\n\n\n\n<h3 class=\"wp-block-heading has-text-align-center\">Ouzb\u00e9kistan<\/h3>\n<\/div>\n\n\n\n<div id=\"wp-block-themeisle-blocks-advanced-column-f79937c1\" class=\"wp-block-themeisle-blocks-advanced-column\">\n<figure class=\"wp-block-image size-large\"><img alt=\"\" loading=\"lazy\" decoding=\"async\" width=\"332\" height=\"480\" src=\"https:\/\/horizonaventures.net\/wp-content\/uploads\/2024\/04\/Panama-mucho-mas-que-un-Canal.gif\" alt=\"\" class=\"wp-image-631\"\/><\/figure>\n\n\n\n<h3 class=\"wp-block-heading has-text-align-center\">Panam\u00e1<\/h3>\n<\/div>\n<\/div><\/div>\n\n\n\n<div id=\"wp-block-themeisle-blocks-advanced-columns-6140bde8\" class=\"wp-block-themeisle-blocks-advanced-columns has-4-columns has-desktop-equal-layout has-tablet-equal-layout has-mobile-collapsedRows-layout has-vertical-unset\"><div class=\"wp-block-themeisle-blocks-advanced-columns-overlay\"><\/div><div class=\"innerblocks-wrap\">\n<div id=\"wp-block-themeisle-blocks-advanced-column-4d78d4e5\" class=\"wp-block-themeisle-blocks-advanced-column\">\n<figure class=\"wp-block-image size-full\"><img alt=\"\" loading=\"lazy\" decoding=\"async\" width=\"332\" height=\"480\" src=\"https:\/\/horizonaventures.net\/wp-content\/uploads\/2024\/12\/Aventure-Tribale-et-Tresors-Sauvages.gif\" alt=\"\" class=\"wp-image-2095\"\/><\/figure>\n\n\n\n<h3 class=\"wp-block-heading has-text-align-center\">Papouasie<\/h3>\n<\/div>\n\n\n\n<div id=\"wp-block-themeisle-blocks-advanced-column-29eec9b8\" class=\"wp-block-themeisle-blocks-advanced-column\">\n<figure class=\"wp-block-image size-full\"><img alt=\"\" loading=\"lazy\" decoding=\"async\" width=\"332\" height=\"480\" src=\"https:\/\/horizonaventures.net\/wp-content\/uploads\/2025\/02\/Le-Perou-du-Nord-au-Sud-.gif\" alt=\"\" class=\"wp-image-2299\"\/><\/figure>\n\n\n\n<h3 class=\"wp-block-heading has-text-align-center\">P\u00e9rou<\/h3>\n<\/div>\n\n\n\n<div id=\"wp-block-themeisle-blocks-advanced-column-f6f11765\" class=\"wp-block-themeisle-blocks-advanced-column\">\n<figure class=\"wp-block-image size-full\"><img alt=\"\" loading=\"lazy\" decoding=\"async\" width=\"332\" height=\"480\" src=\"https:\/\/horizonaventures.net\/wp-content\/uploads\/2024\/05\/A-la-decouverte-du-Pays-du-Sourire.gif\" alt=\"\" class=\"wp-image-706\"\/><\/figure>\n\n\n\n<h3 class=\"wp-block-heading has-text-align-center\">Tha\u00eflande<\/h3>\n<\/div>\n\n\n\n<div id=\"wp-block-themeisle-blocks-advanced-column-01e691fe\" class=\"wp-block-themeisle-blocks-advanced-column\">\n<figure class=\"wp-block-image size-large\"><img alt=\"\" loading=\"lazy\" decoding=\"async\" width=\"332\" height=\"480\" src=\"https:\/\/horizonaventures.net\/wp-content\/uploads\/2025\/03\/TresorsRoumanie.gif\" alt=\"\" class=\"wp-image-2393\"\/><\/figure>\n\n\n\n<h3 class=\"wp-block-heading has-text-align-center\">Roumanie<\/h3>\n<\/div>\n<\/div><\/div>\n\n\n\n<div id=\"wp-block-themeisle-blocks-advanced-columns-f72c6d95\" class=\"wp-block-themeisle-blocks-advanced-columns has-4-columns has-desktop-equal-layout has-tablet-equal-layout has-mobile-collapsedRows-layout has-vertical-unset\"><div class=\"wp-block-themeisle-blocks-advanced-columns-overlay\"><\/div><div class=\"innerblocks-wrap\">\n<div id=\"wp-block-themeisle-blocks-advanced-column-914510c9\" class=\"wp-block-themeisle-blocks-advanced-column\">\n<figure class=\"wp-block-image size-full\"><img alt=\"\" loading=\"lazy\" decoding=\"async\" width=\"332\" height=\"480\" src=\"https:\/\/horizonaventures.net\/wp-content\/uploads\/2024\/12\/A-la-decouverte-de-la-Transnistrie-et-de-ses-tresors-culturels.gif\" alt=\"\" class=\"wp-image-2129\"\/><\/figure>\n\n\n\n<h3 class=\"wp-block-heading has-text-align-center\">Transnistrie<\/h3>\n<\/div>\n\n\n\n<div id=\"wp-block-themeisle-blocks-advanced-column-c3d97614\" class=\"wp-block-themeisle-blocks-advanced-column\">\n<h3 class=\"wp-block-heading has-text-align-center\"><\/h3>\n<\/div>\n\n\n\n<div id=\"wp-block-themeisle-blocks-advanced-column-486d6967\" class=\"wp-block-themeisle-blocks-advanced-column\">\n<h3 class=\"wp-block-heading has-text-align-center\"><\/h3>\n<\/div>\n\n\n\n<div id=\"wp-block-themeisle-blocks-advanced-column-f535f13b\" class=\"wp-block-themeisle-blocks-advanced-column\">\n<h3 class=\"wp-block-heading has-text-align-center\"><\/h3>\n<\/div>\n<\/div><\/div>\n","protected":false},"excerpt":{"rendered":"<p>Carnets de voyage \u00c0 travers ces carnets de voyage, je vous propose de partir \u00e0 la d\u00e9couverte d\u2019aventures et d\u2019exp\u00e9riences \u00e0 travers le monde, soigneusement class\u00e9es par destination. Que vous soyez en qu\u00eate d\u2019inspiration pour votre prochain voyage ou simplement curieux de d\u00e9couvrir de nouveaux horizons, vous trouverez ici des exemples d\u2019explorations, de rencontres et&hellip;&nbsp;<a href=\"https:\/\/horizonaventures.net\/index.php\/carnets-de-voyage\/\" rel=\"bookmark\">Lire la suite &raquo;<span class=\"screen-reader-text\">Carnets de voyage<\/span><\/a><\/p>\n","protected":false},"author":1,"featured_media":0,"parent":0,"menu_order":0,"comment_status":"closed","ping_status":"closed","template":"","meta":{"_seopress_robots_primary_cat":"","_seopress_titles_title":"","_seopress_titles_desc":"","_seopress_robots_index":"","neve_meta_sidebar":"","neve_meta_container":"","neve_meta_enable_content_width":"","neve_meta_content_width":0,"neve_meta_title_alignment":"","neve_meta_author_avatar":"","neve_post_elements_order":"","neve_meta_disable_header":"","neve_meta_disable_footer":"","neve_meta_disable_title":"","_themeisle_gutenberg_block_has_review":false,"footnotes":""},"class_list":["post-2687","page","type-page","status-publish","hentry"],"_links":{"self":[{"href":"https:\/\/horizonaventures.net\/index.php\/wp-json\/wp\/v2\/pages\/2687","targetHints":{"allow":["GET"]}}],"collection":[{"href":"https:\/\/horizonaventures.net\/index.php\/wp-json\/wp\/v2\/pages"}],"about":[{"href":"https:\/\/horizonaventures.net\/index.php\/wp-json\/wp\/v2\/types\/page"}],"author":[{"embeddable":true,"href":"https:\/\/horizonaventures.net\/index.php\/wp-json\/wp\/v2\/users\/1"}],"replies":[{"embeddable":true,"href":"https:\/\/horizonaventures.net\/index.php\/wp-json\/wp\/v2\/comments?post=2687"}],"version-history":[{"count":10,"href":"https:\/\/horizonaventures.net\/index.php\/wp-json\/wp\/v2\/pages\/2687\/revisions"}],"predecessor-version":[{"id":2697,"href":"https:\/\/horizonaventures.net\/index.php\/wp-json\/wp\/v2\/pages\/2687\/revisions\/2697"}],"wp:attachment":[{"href":"https:\/\/horizonaventures.net\/index.php\/wp-json\/wp\/v2\/media?parent=2687"}],"curies":[{"name":"wp","href":"https:\/\/api.w.org\/{rel}","templated":true}]}}