{"id":3,"date":"2024-02-12T23:25:53","date_gmt":"2024-02-12T22:25:53","guid":{"rendered":"https:\/\/horizonaventures.net\/?page_id=3"},"modified":"2024-10-21T20:27:16","modified_gmt":"2024-10-21T18:27:16","slug":"politique-de-confidentialite","status":"publish","type":"page","link":"https:\/\/horizonaventures.net\/index.php\/politique-de-confidentialite\/","title":{"rendered":"Mentions l\u00e9gales"},"content":{"rendered":"\n<p>En vigueur au&nbsp;21\/10\/2024<\/p>\n\n\n\n<p>Conform\u00e9ment aux dispositions des Articles 6-III et 19 de la Loi n\u00b02004-575 du 21 juin 2004 pour la Confiance dans l\u2019\u00e9conomie num\u00e9rique, dite L.C.E.N., il est port\u00e9 \u00e0 la connaissance des utilisateurs et visiteurs, ci-apr\u00e8s <em>\u00ab\u00a0l&rsquo;Utilisateur\u00a0\u00bb<\/em>, du site\u00a0<a href=\"https:\/\/horizonaventures.net\/\">Envie d&rsquo;horizon<\/a>\u00a0, ci-apr\u00e8s le <em>\u00ab\u00a0Site\u00a0\u00bb<\/em>, les pr\u00e9sentes mentions l\u00e9gales.<\/p>\n\n\n\n<p>La connexion et la navigation sur le Site par l\u2019Utilisateur implique acceptation int\u00e9grale et sans r\u00e9serve des pr\u00e9sentes mentions l\u00e9gales.<\/p>\n\n\n\n<hr class=\"wp-block-separator has-alpha-channel-opacity\"\/>\n\n\n\n<h3 class=\"wp-block-heading\">\u00c9diteur du site<\/h3>\n\n\n\n<p><strong>Nom de l&rsquo;\u00e9diteur<\/strong> : Giroud Christophe<br><strong>Adresse e-mail<\/strong> : <a href=\"mailto:info@horizonaventures.net\">info@horizonaventures.net<\/a><br><strong>Site web<\/strong> : <a href=\"https:\/\/horizonaventures.net\">https:\/\/horizonaventures.net<\/a><\/p>\n\n\n\n<h3 class=\"wp-block-heading\">Directeur de la publication<\/h3>\n\n\n\n<p><strong>Nom<\/strong> : Giroud Christophe<br><strong>Adresse e-mail<\/strong> : <a href=\"mailto:info@horizonaventures.net\">info@horizonaventures.net<\/a><\/p>\n\n\n\n<h3 class=\"wp-block-heading\">H\u00e9bergeur du site<\/h3>\n\n\n\n<p><strong>Nom de l&rsquo;h\u00e9bergeur<\/strong> : Hostinger<br><strong>Adresse du si\u00e8ge social<\/strong> : Hostinger International Ltd., 61 Lordou Vironos Street, 6023 Larnaca, Chypre<br><strong>Site web<\/strong> : <a href=\"https:\/\/www.hostinger.com\">https:\/\/www.hostinger.com<\/a><\/p>\n\n\n\n<h3 class=\"wp-block-heading\">Acces au site<\/h3>\n\n\n\n<p>Le Site est accessible en tout endroit, 7j\/7, 24h\/24 sauf cas de force majeure, interruption programm\u00e9e ou non et pouvant d\u00e9coulant d\u2019une n\u00e9cessit\u00e9 de maintenance.<\/p>\n\n\n\n<p>En cas de modification, interruption ou suspension du Site, l&rsquo;Editeur ne saurait \u00eatre tenu responsable.<\/p>\n\n\n\n<h3 class=\"wp-block-heading\">Propri\u00e9t\u00e9 intellectuelle<\/h3>\n\n\n\n<p>Le contenu pr\u00e9sent sur le site <strong><a href=\"https:\/\/horizonaventures.net\">https:\/\/horizonaventures.net<\/a><\/strong> (textes, images, graphismes, logos, ic\u00f4nes, etc.) est prot\u00e9g\u00e9 par la l\u00e9gislation en vigueur sur les droits d&rsquo;auteur et la propri\u00e9t\u00e9 intellectuelle. Toute reproduction, distribution, modification, adaptation, retransmission ou publication, m\u00eame partielle, de ces diff\u00e9rents \u00e9l\u00e9ments est strictement interdite sans l&rsquo;accord \u00e9crit pr\u00e9alable de l&rsquo;\u00e9diteur.<\/p>\n\n\n\n<h3 class=\"wp-block-heading\">Cr\u00e9ation des contenus<\/h3>\n\n\n\n<p>Les textes, sauf mention sp\u00e9ciale, ont \u00e9t\u00e9 r\u00e9dig\u00e9s par l&rsquo;\u00e9diteur et corrig\u00e9s avec l&rsquo;aide de <strong><a href=\"https:\/\/chatgpt.com\/\" data-type=\"link\" data-id=\"https:\/\/chatgpt.com\/\">ChatGPT<\/a><\/strong>.<\/p>\n\n\n\n<p>Les images pr\u00e9sentes sur le site sont, pour la plupart, g\u00e9n\u00e9r\u00e9es par <strong><a href=\"https:\/\/www.bing.com\/images\/create\" data-type=\"link\" data-id=\"https:\/\/www.bing.com\/images\/create\">Bing Image Creator<\/a><\/strong> sur la base de prompts fournis par l&rsquo;\u00e9diteur. D&rsquo;autres illustrations proviennent d&rsquo;images libres de droits trouv\u00e9es sur Internet.<\/p>\n\n\n\n<p>En cas d&rsquo;erreur de notre part, si certaines images utilis\u00e9es ne sont pas libres d&rsquo;utilisation, veuillez contacter l&rsquo;\u00e9diteur \u00e0 l&rsquo;adresse suivante : <a href=\"info@horizonaventures.net\" data-type=\"link\" data-id=\"info@horizonaventures.net\">info@horizonaventures.net<\/a>, afin que les mesures n\u00e9cessaires soient prises dans les plus brefs d\u00e9lais.<\/p>\n\n\n\n<h3 class=\"wp-block-heading\">Limitation de responsabilit\u00e9<\/h3>\n\n\n\n<p>L&rsquo;\u00e9diteur ne peut \u00eatre tenu responsable des erreurs ou des omissions dans les informations diffus\u00e9es sur le site, ni des cons\u00e9quences de leur utilisation. Les informations sont fournies \u00e0 titre indicatif et sont susceptibles d&rsquo;\u00eatre modifi\u00e9es sans pr\u00e9avis. Elles peuvent devenir obsol\u00e8tes avec le temps, et il incombe \u00e0 l&rsquo;utilisateur de v\u00e9rifier r\u00e9guli\u00e8rement leur validit\u00e9 et leur actualit\u00e9.<\/p>\n\n\n\n<h3 class=\"wp-block-heading\">Protection des donn\u00e9es personnelles<\/h3>\n\n\n\n<p>Le Site ne collecte aucune donn\u00e9e personnelle.<\/p>\n\n\n\n<p>Toutefois conform\u00e9ment \u00e0 la l\u00e9gislation en vigueur, les utilisateurs disposent d&rsquo;un droit d&rsquo;acc\u00e8s, de rectification et de suppression de leurs donn\u00e9es personnelles. Pour exercer ce droit, veuillez nous contacter \u00e0 l&rsquo;adresse suivante : <a href=\"mailto:info@horizonaventures.net\">info@horizonaventures.net<\/a>.<\/p>\n\n\n\n<h3 class=\"wp-block-heading\">Cookies<\/h3>\n\n\n\n<p>Le site <strong><a href=\"https:\/\/horizonaventures.net\">https:\/\/horizonaventures.net<\/a><\/strong> utilise des cookies afin d&rsquo;am\u00e9liorer la navigation et l&rsquo;exp\u00e9rience utilisateur. Les utilisateurs peuvent configurer leur navigateur pour refuser l&rsquo;utilisation de cookies.<\/p>\n\n\n\n<h3 class=\"wp-block-heading\">Loi applicable<\/h3>\n\n\n\n<p>Les pr\u00e9sentes mentions l\u00e9gales sont r\u00e9gies par le droit fran\u00e7ais. Tout litige relatif \u00e0 l&rsquo;utilisation du site <strong><a href=\"https:\/\/horizonaventures.net\">https:\/\/horizonaventures.net<\/a><\/strong> sera soumis \u00e0 la comp\u00e9tence exclusive des tribunaux fran\u00e7ais.<\/p>\n","protected":false},"excerpt":{"rendered":"<p>En vigueur au&nbsp;21\/10\/2024 Conform\u00e9ment aux dispositions des Articles 6-III et 19 de la Loi n\u00b02004-575 du 21 juin 2004 pour la Confiance dans l\u2019\u00e9conomie num\u00e9rique, dite L.C.E.N., il est port\u00e9 \u00e0 la connaissance des utilisateurs et visiteurs, ci-apr\u00e8s \u00ab\u00a0l&rsquo;Utilisateur\u00a0\u00bb, du site\u00a0Envie d&rsquo;horizon\u00a0, ci-apr\u00e8s le \u00ab\u00a0Site\u00a0\u00bb, les pr\u00e9sentes mentions l\u00e9gales. La connexion et la navigation sur&hellip;&nbsp;<a href=\"https:\/\/horizonaventures.net\/index.php\/politique-de-confidentialite\/\" rel=\"bookmark\">Lire la suite &raquo;<span class=\"screen-reader-text\">Mentions l\u00e9gales<\/span><\/a><\/p>\n","protected":false},"author":1,"featured_media":0,"parent":0,"menu_order":0,"comment_status":"closed","ping_status":"open","template":"","meta":{"_seopress_robots_primary_cat":"","_seopress_titles_title":"","_seopress_titles_desc":"","_seopress_robots_index":"","neve_meta_sidebar":"","neve_meta_container":"","neve_meta_enable_content_width":"","neve_meta_content_width":0,"neve_meta_title_alignment":"","neve_meta_author_avatar":"","neve_post_elements_order":"","neve_meta_disable_header":"","neve_meta_disable_footer":"","neve_meta_disable_title":"","_themeisle_gutenberg_block_has_review":false,"footnotes":""},"class_list":["post-3","page","type-page","status-publish","hentry"],"_links":{"self":[{"href":"https:\/\/horizonaventures.net\/index.php\/wp-json\/wp\/v2\/pages\/3","targetHints":{"allow":["GET"]}}],"collection":[{"href":"https:\/\/horizonaventures.net\/index.php\/wp-json\/wp\/v2\/pages"}],"about":[{"href":"https:\/\/horizonaventures.net\/index.php\/wp-json\/wp\/v2\/types\/page"}],"author":[{"embeddable":true,"href":"https:\/\/horizonaventures.net\/index.php\/wp-json\/wp\/v2\/users\/1"}],"replies":[{"embeddable":true,"href":"https:\/\/horizonaventures.net\/index.php\/wp-json\/wp\/v2\/comments?post=3"}],"version-history":[{"count":5,"href":"https:\/\/horizonaventures.net\/index.php\/wp-json\/wp\/v2\/pages\/3\/revisions"}],"predecessor-version":[{"id":1851,"href":"https:\/\/horizonaventures.net\/index.php\/wp-json\/wp\/v2\/pages\/3\/revisions\/1851"}],"wp:attachment":[{"href":"https:\/\/horizonaventures.net\/index.php\/wp-json\/wp\/v2\/media?parent=3"}],"curies":[{"name":"wp","href":"https:\/\/api.w.org\/{rel}","templated":true}]}}